{"id":422,"date":"2023-04-14T19:52:20","date_gmt":"2023-04-14T18:52:20","guid":{"rendered":"https:\/\/mfilmswed.hu\/?page_id=422"},"modified":"2023-04-25T16:12:31","modified_gmt":"2023-04-25T14:12:31","slug":"csomagjaink","status":"publish","type":"page","link":"https:\/\/mfilmswed.hu\/en\/csomagjaink\/","title":{"rendered":"Our packages"},"content":{"rendered":"<div data-elementor-type=\"wp-page\" data-elementor-id=\"422\" class=\"elementor elementor-422\" data-elementor-post-type=\"page\">\n\t\t\t\t\t\t\t<div class=\"elementor-element elementor-element-dcb2832 e-flex e-con-boxed e-con\" data-id=\"dcb2832\" data-element_type=\"container\" data-settings=\"{&quot;content_width&quot;:&quot;boxed&quot;}\">\n\t\t\t\t\t<div class=\"e-con-inner\">\n\t\t\t\t<div class=\"elementor-element elementor-element-49a7679 elementor-widget elementor-widget-heading\" data-id=\"49a7679\" data-element_type=\"widget\" data-widget_type=\"heading.default\">\n\t\t\t\t<div class=\"elementor-widget-container\">\n\t\t\t<style>\/*! elementor - v3.14.0 - 26-06-2023 *\/\n.elementor-heading-title{padding:0;margin:0;line-height:1}.elementor-widget-heading .elementor-heading-title[class*=elementor-size-]>a{color:inherit;font-size:inherit;line-height:inherit}.elementor-widget-heading .elementor-heading-title.elementor-size-small{font-size:15px}.elementor-widget-heading .elementor-heading-title.elementor-size-medium{font-size:19px}.elementor-widget-heading .elementor-heading-title.elementor-size-large{font-size:29px}.elementor-widget-heading .elementor-heading-title.elementor-size-xl{font-size:39px}.elementor-widget-heading .elementor-heading-title.elementor-size-xxl{font-size:59px}<\/style><h1 class=\"elementor-heading-title elementor-size-default\">Our packages<\/h1>\t\t<\/div>\n\t\t\t\t<\/div>\n\t\t\t\t<div class=\"elementor-element elementor-element-e14fe48 elementor-widget elementor-widget-heading\" data-id=\"e14fe48\" data-element_type=\"widget\" data-widget_type=\"heading.default\">\n\t\t\t\t<div class=\"elementor-widget-container\">\n\t\t\t<h2 class=\"elementor-heading-title elementor-size-default\">Check out what they contain!<\/h2>\t\t<\/div>\n\t\t\t\t<\/div>\n\t\t\t\t\t<\/div>\n\t\t\t\t<\/div>\n\t\t<div class=\"elementor-element elementor-element-0256a11 e-flex e-con-boxed e-con\" data-id=\"0256a11\" data-element_type=\"container\" data-settings=\"{&quot;content_width&quot;:&quot;boxed&quot;}\">\n\t\t\t\t\t<div class=\"e-con-inner\">\n\t\t\t\t<div class=\"elementor-element elementor-element-e328c2e elementor-widget elementor-widget-toggle\" data-id=\"e328c2e\" data-element_type=\"widget\" data-widget_type=\"toggle.default\">\n\t\t\t\t<div class=\"elementor-widget-container\">\n\t\t\t<style>\/*! elementor - v3.14.0 - 26-06-2023 *\/\n.elementor-toggle{text-align:left}.elementor-toggle .elementor-tab-title{font-weight:700;line-height:1;margin:0;padding:15px;border-bottom:1px solid #d5d8dc;cursor:pointer;outline:none}.elementor-toggle .elementor-tab-title .elementor-toggle-icon{display:inline-block;width:1em}.elementor-toggle .elementor-tab-title .elementor-toggle-icon svg{-webkit-margin-start:-5px;margin-inline-start:-5px;width:1em;height:1em}.elementor-toggle .elementor-tab-title .elementor-toggle-icon.elementor-toggle-icon-right{float:right;text-align:right}.elementor-toggle .elementor-tab-title .elementor-toggle-icon.elementor-toggle-icon-left{float:left;text-align:left}.elementor-toggle .elementor-tab-title .elementor-toggle-icon .elementor-toggle-icon-closed{display:block}.elementor-toggle .elementor-tab-title .elementor-toggle-icon .elementor-toggle-icon-opened{display:none}.elementor-toggle .elementor-tab-title.elementor-active{border-bottom:none}.elementor-toggle .elementor-tab-title.elementor-active .elementor-toggle-icon-closed{display:none}.elementor-toggle .elementor-tab-title.elementor-active .elementor-toggle-icon-opened{display:block}.elementor-toggle .elementor-tab-content{padding:15px;border-bottom:1px solid #d5d8dc;display:none}@media (max-width:767px){.elementor-toggle .elementor-tab-title{padding:12px}.elementor-toggle .elementor-tab-content{padding:12px 10px}}.e-con-inner>.elementor-widget-toggle,.e-con>.elementor-widget-toggle{width:var(--container-widget-width);--flex-grow:var(--container-widget-flex-grow)}<\/style>\t\t<div class=\"elementor-toggle\">\n\t\t\t\t\t\t\t<div class=\"elementor-toggle-item\">\n\t\t\t\t\t<h4 id=\"elementor-tab-title-2381\" class=\"elementor-tab-title\" data-tab=\"1\" role=\"button\" aria-controls=\"elementor-tab-content-2381\" aria-expanded=\"false\">\n\t\t\t\t\t\t\t\t\t\t\t\t<span class=\"elementor-toggle-icon elementor-toggle-icon-right\" aria-hidden=\"true\">\n\t\t\t\t\t\t\t\t\t\t\t\t\t\t\t<span class=\"elementor-toggle-icon-closed\"><i class=\"fas fa-plus\"><\/i><\/span>\n\t\t\t\t\t\t\t\t<span class=\"elementor-toggle-icon-opened\"><i class=\"elementor-toggle-icon-opened fas fa-minus\"><\/i><\/span>\n\t\t\t\t\t\t\t\t\t\t\t\t\t<\/span>\n\t\t\t\t\t\t\t\t\t\t\t\t<a class=\"elementor-toggle-title\" tabindex=\"0\">Standard<\/a>\n\t\t\t\t\t<\/h4>\n\n\t\t\t\t\t<div id=\"elementor-tab-content-2381\" class=\"elementor-tab-content elementor-clearfix\" data-tab=\"1\" role=\"region\" aria-labelledby=\"elementor-tab-title-2381\"><ul><li>8-hour availability on your wedding day until 1 am<\/li><li>1 cameraman + 1 assistant<\/li><li>3-5 minute Highlights movie<\/li><li>Delivery of uncut material, received from you on HDD<\/li><li>Full HD resolution video<\/li><\/ul><p><a href=\"https:\/\/mfilmswed.hu\/en\/kapcsolat\/\"><span style=\"color: #a78159;\"><strong>I want an offer!<\/strong><\/span><\/a><\/p><\/div>\n\t\t\t\t<\/div>\n\t\t\t\t\t\t\t<div class=\"elementor-toggle-item\">\n\t\t\t\t\t<h4 id=\"elementor-tab-title-2382\" class=\"elementor-tab-title\" data-tab=\"2\" role=\"button\" aria-controls=\"elementor-tab-content-2382\" aria-expanded=\"false\">\n\t\t\t\t\t\t\t\t\t\t\t\t<span class=\"elementor-toggle-icon elementor-toggle-icon-right\" aria-hidden=\"true\">\n\t\t\t\t\t\t\t\t\t\t\t\t\t\t\t<span class=\"elementor-toggle-icon-closed\"><i class=\"fas fa-plus\"><\/i><\/span>\n\t\t\t\t\t\t\t\t<span class=\"elementor-toggle-icon-opened\"><i class=\"elementor-toggle-icon-opened fas fa-minus\"><\/i><\/span>\n\t\t\t\t\t\t\t\t\t\t\t\t\t<\/span>\n\t\t\t\t\t\t\t\t\t\t\t\t<a class=\"elementor-toggle-title\" tabindex=\"0\">Extra<\/a>\n\t\t\t\t\t<\/h4>\n\n\t\t\t\t\t<div id=\"elementor-tab-content-2382\" class=\"elementor-tab-content elementor-clearfix\" data-tab=\"2\" role=\"region\" aria-labelledby=\"elementor-tab-title-2382\"><ul><li>12-hour availability on your wedding day until 1 am<\/li><li>2 cameramen for multiple angles<\/li><li>3-5 minute Highlights movie<\/li><li>Production of 1 vertical format film for social media sites<\/li><li>Delivery of uncut material, received from you on HDD<\/li><li>Full HD resolution video<\/li><\/ul><p><a href=\"https:\/\/mfilmswed.hu\/en\/kapcsolat\/\"><span style=\"color: #a78159;\"><strong>I want an offer!<\/strong><\/span><\/a><\/p><\/div>\n\t\t\t\t<\/div>\n\t\t\t\t\t\t\t<div class=\"elementor-toggle-item\">\n\t\t\t\t\t<h4 id=\"elementor-tab-title-2383\" class=\"elementor-tab-title\" data-tab=\"3\" role=\"button\" aria-controls=\"elementor-tab-content-2383\" aria-expanded=\"false\">\n\t\t\t\t\t\t\t\t\t\t\t\t<span class=\"elementor-toggle-icon elementor-toggle-icon-right\" aria-hidden=\"true\">\n\t\t\t\t\t\t\t\t\t\t\t\t\t\t\t<span class=\"elementor-toggle-icon-closed\"><i class=\"fas fa-plus\"><\/i><\/span>\n\t\t\t\t\t\t\t\t<span class=\"elementor-toggle-icon-opened\"><i class=\"elementor-toggle-icon-opened fas fa-minus\"><\/i><\/span>\n\t\t\t\t\t\t\t\t\t\t\t\t\t<\/span>\n\t\t\t\t\t\t\t\t\t\t\t\t<a class=\"elementor-toggle-title\" tabindex=\"0\">Premium<\/a>\n\t\t\t\t\t<\/h4>\n\n\t\t\t\t\t<div id=\"elementor-tab-content-2383\" class=\"elementor-tab-content elementor-clearfix\" data-tab=\"3\" role=\"region\" aria-labelledby=\"elementor-tab-title-2383\"><ul><li>12-hour availability on your wedding day until 1 am<\/li><li>2 cameramen for multiple angles<\/li><li>4-5 minute Short film \/ Highlights movie<\/li><li>10-12 minute extended version of the film<\/li><li>Delivery of uncut material, received from you on HDD<\/li><li>About 1 minute MOOD film, trailer<\/li><li>Full HD resolution video<\/li><\/ul><p><a href=\"https:\/\/mfilmswed.hu\/en\/kapcsolat\/\"><span style=\"color: #a78159;\"><strong>I want an offer!<\/strong><\/span><\/a><\/p><\/div>\n\t\t\t\t<\/div>\n\t\t\t\t\t\t\t<div class=\"elementor-toggle-item\">\n\t\t\t\t\t<h4 id=\"elementor-tab-title-2384\" class=\"elementor-tab-title\" data-tab=\"4\" role=\"button\" aria-controls=\"elementor-tab-content-2384\" aria-expanded=\"false\">\n\t\t\t\t\t\t\t\t\t\t\t\t<span class=\"elementor-toggle-icon elementor-toggle-icon-right\" aria-hidden=\"true\">\n\t\t\t\t\t\t\t\t\t\t\t\t\t\t\t<span class=\"elementor-toggle-icon-closed\"><i class=\"fas fa-plus\"><\/i><\/span>\n\t\t\t\t\t\t\t\t<span class=\"elementor-toggle-icon-opened\"><i class=\"elementor-toggle-icon-opened fas fa-minus\"><\/i><\/span>\n\t\t\t\t\t\t\t\t\t\t\t\t\t<\/span>\n\t\t\t\t\t\t\t\t\t\t\t\t<a class=\"elementor-toggle-title\" tabindex=\"0\">Deluxe<\/a>\n\t\t\t\t\t<\/h4>\n\n\t\t\t\t\t<div id=\"elementor-tab-content-2384\" class=\"elementor-tab-content elementor-clearfix\" data-tab=\"4\" role=\"region\" aria-labelledby=\"elementor-tab-title-2384\"><ul><li>16-hour availability on your wedding day until 1 am<\/li><li>2 cameramen for multiple angles + 1 technician (light\/sound)<\/li><li>5-7 minute Short film \/ Highlights movie<\/li><li>15 minute extended version of the film<\/li><li>Possibility of a separate daily creative video<\/li><li>Delivery of uncut material on HDD<\/li><li>Drone recording with unlimited take-offs with a maximum of 5 hours of availability<\/li><li>Same Day Video (we make a film of the most beautiful moments on the spot, cut a film)<\/li><li>Trailer \/ Teaser about the most important moments<\/li><li>4K resolution video<\/li><\/ul><p><a href=\"https:\/\/mfilmswed.hu\/en\/kapcsolat\/\"><span style=\"color: #a78159;\"><strong>I want an offer!<\/strong><\/span><\/a><\/p><\/div>\n\t\t\t\t<\/div>\n\t\t\t\t\t\t\t\t\t\t<script type=\"application\/ld+json\">{\"@context\":\"https:\\\/\\\/schema.org\",\"@type\":\"FAQPage\",\"mainEntity\":[{\"@type\":\"Question\",\"name\":\"Standard csomag\",\"acceptedAnswer\":{\"@type\":\"Answer\",\"text\":\"<ul><li>8 \\u00f3r\\u00e1s rendelkez\\u00e9sre \\u00e1ll\\u00e1s az esk\\u00fcv\\u0151t\\u00f6k napj\\u00e1n hajnal 1-ig<\\\/li><li>1 operat\\u0151r + 1 asszisztens<\\\/li><li>3-5 perces Highlights film<\\\/li><li>V\\u00e1gatlan anyag \\u00e1tad\\u00e1sa, T\\u0151letek kapott HDD-n<\\\/li><li>Full HD felbont\\u00e1s\\u00fa vide\\u00f3<\\\/li><\\\/ul><p><a href=\\\"\\\/kapcsolat\\\/\\\"><span style=\\\"color: #a78159;\\\"><strong>Aj\\u00e1nlatot k\\u00e9rek!<\\\/strong><\\\/span><\\\/a><\\\/p>\"}},{\"@type\":\"Question\",\"name\":\"Extra csomag\",\"acceptedAnswer\":{\"@type\":\"Answer\",\"text\":\"<ul><li>12 \\u00f3r\\u00e1s rendelkez\\u00e9sre \\u00e1ll\\u00e1s az esk\\u00fcv\\u0151t\\u00f6k napj\\u00e1n hajnal 1-ig<\\\/li><li>2 operat\\u0151r a t\\u00f6bb szemsz\\u00f6g\\u00e9rt<\\\/li><li>3-5 perces Highlights film<\\\/li><li>1 db vertical form\\u00e1tum\\u00fa film k\\u00e9sz\\u00edt\\u00e9se social media oldalakra<\\\/li><li>V\\u00e1gatlan anyag \\u00e1tad\\u00e1sa, T\\u0151letek kapott HDD-n<\\\/li><li>Full HD felbont\\u00e1s\\u00fa vide\\u00f3<\\\/li><\\\/ul><p><a href=\\\"\\\/kapcsolat\\\/\\\"><span style=\\\"color: #a78159;\\\"><strong>Aj\\u00e1nlatot k\\u00e9rek!<\\\/strong><\\\/span><\\\/a><\\\/p>\"}},{\"@type\":\"Question\",\"name\":\"Pr\\u00e9mium csomag\",\"acceptedAnswer\":{\"@type\":\"Answer\",\"text\":\"<ul><li>12 \\u00f3r\\u00e1s rendelkez\\u00e9sre \\u00e1ll\\u00e1s az esk\\u00fcv\\u0151t\\u00f6k napj\\u00e1n maximum hajnal 1-ig<\\\/li><li>2 operat\\u0151r a t\\u00f6bb szemsz\\u00f6g\\u00e9rt<\\\/li><li>4-5 perces kisfilm \\\/ Highlights film<\\\/li><li>10-12 perces b\\u0151v\\u00edtett v\\u00e1ltozat\\u00fa film<\\\/li><li>V\\u00e1gatlan anyag \\u00e1tad\\u00e1sa, T\\u0151letek kapott HDD-n<\\\/li><li>1 perc k\\u00f6r\\u00fcli MOOD film, el\\u0151zetes<\\\/li><li>Full HD felbont\\u00e1s\\u00fa vide\\u00f3<\\\/li><\\\/ul><p><a href=\\\"\\\/kapcsolat\\\/\\\"><span style=\\\"color: #a78159;\\\"><strong>Aj\\u00e1nlatot k\\u00e9rek!<\\\/strong><\\\/span><\\\/a><\\\/p>\"}},{\"@type\":\"Question\",\"name\":\"Deluxe csomag\",\"acceptedAnswer\":{\"@type\":\"Answer\",\"text\":\"<ul><li>16 \\u00f3r\\u00e1s rendelkez\\u00e9sre \\u00e1ll\\u00e1s az esk\\u00fcv\\u0151t\\u00f6k napj\\u00e1n maximum hajnal 1-ig<\\\/li><li>2 operat\\u0151r a t\\u00f6bb szemsz\\u00f6g\\u00e9rt + 1 technikus (f\\u00e9ny\\\/hang)<\\\/li><li>5-7 perces kisfilm \\\/ Highlights film<\\\/li><li>15 perces b\\u0151v\\u00edtett v\\u00e1ltozat\\u00fa film<\\\/li><li>K\\u00fcl\\u00f6n napi kreat\\u00edv vide\\u00f3z\\u00e1s lehet\\u0151s\\u00e9ge<\\\/li><li>V\\u00e1gatlan anyag \\u00e1tad\\u00e1sa kapott HDD-n<\\\/li><li>Dr\\u00f3n felv\\u00e9tel korl\\u00e1tlan felsz\\u00e1ll\\u00e1ssal maximum 5 \\u00f3ra rendelkez\\u00e9sre \\u00e1ll\\u00e1ssal<\\\/li><li>Same Day Video (legszebb pillanatokb\\u00f3l a helysz\\u00ednen elk\\u00e9sz\\u00edt\\u00fcnk, megv\\u00e1gunk egy filmet)<\\\/li><li>Trailer \\\/ Teaser a legfontosabb pillanatokr\\u00f3l<\\\/li><li>4K felbont\\u00e1s\\u00fa vide\\u00f3<\\\/li><\\\/ul><p><a href=\\\"\\\/kapcsolat\\\/\\\"><span style=\\\"color: #a78159;\\\"><strong>Aj\\u00e1nlatot k\\u00e9rek!<\\\/strong><\\\/span><\\\/a><\\\/p>\"}}]}<\/script>\n\t\t\t\t\t<\/div>\n\t\t\t\t<\/div>\n\t\t\t\t<\/div>\n\t\t\t\t\t<\/div>\n\t\t\t\t<\/div>\n\t\t\t\t\t\t\t<\/div>","protected":false},"excerpt":{"rendered":"<p>Csomagjaink N\u00e9zd meg miket tartalmaznak! Standard csomag 8 \u00f3r\u00e1s rendelkez\u00e9sre \u00e1ll\u00e1s az esk\u00fcv\u0151t\u00f6k napj\u00e1n hajnal 1-ig 1 operat\u0151r + 1 asszisztens 3-5 perces Highlights film V\u00e1gatlan anyag \u00e1tad\u00e1sa, T\u0151letek kapott HDD-n Full HD felbont\u00e1s\u00fa vide\u00f3 Aj\u00e1nlatot k\u00e9rek! Extra csomag 12 \u00f3r\u00e1s rendelkez\u00e9sre \u00e1ll\u00e1s az esk\u00fcv\u0151t\u00f6k napj\u00e1n hajnal 1-ig 2 operat\u0151r a t\u00f6bb szemsz\u00f6g\u00e9rt 3-5 perces &#8230; <a title=\"Our packages\" class=\"read-more\" href=\"https:\/\/mfilmswed.hu\/en\/csomagjaink\/\" aria-label=\"More on Csomagjaink\">Read more<\/a><\/p>","protected":false},"author":1,"featured_media":0,"parent":0,"menu_order":0,"comment_status":"closed","ping_status":"closed","template":"elementor_header_footer","meta":{"footnotes":""},"class_list":["post-422","page","type-page","status-publish"],"_links":{"self":[{"href":"https:\/\/mfilmswed.hu\/en\/wp-json\/wp\/v2\/pages\/422","targetHints":{"allow":["GET"]}}],"collection":[{"href":"https:\/\/mfilmswed.hu\/en\/wp-json\/wp\/v2\/pages"}],"about":[{"href":"https:\/\/mfilmswed.hu\/en\/wp-json\/wp\/v2\/types\/page"}],"author":[{"embeddable":true,"href":"https:\/\/mfilmswed.hu\/en\/wp-json\/wp\/v2\/users\/1"}],"replies":[{"embeddable":true,"href":"https:\/\/mfilmswed.hu\/en\/wp-json\/wp\/v2\/comments?post=422"}],"version-history":[{"count":5,"href":"https:\/\/mfilmswed.hu\/en\/wp-json\/wp\/v2\/pages\/422\/revisions"}],"predecessor-version":[{"id":973,"href":"https:\/\/mfilmswed.hu\/en\/wp-json\/wp\/v2\/pages\/422\/revisions\/973"}],"wp:attachment":[{"href":"https:\/\/mfilmswed.hu\/en\/wp-json\/wp\/v2\/media?parent=422"}],"curies":[{"name":"wp","href":"https:\/\/api.w.org\/{rel}","templated":true}]}}