{"id":540,"date":"2023-04-18T15:51:04","date_gmt":"2023-04-18T14:51:04","guid":{"rendered":"https:\/\/mfilmswed.hu\/?page_id=540"},"modified":"2023-04-26T11:50:59","modified_gmt":"2023-04-26T09:50:59","slug":"filmek","status":"publish","type":"page","link":"https:\/\/mfilmswed.hu\/en\/filmek\/","title":{"rendered":"Films"},"content":{"rendered":"<div data-elementor-type=\"wp-page\" data-elementor-id=\"540\" class=\"elementor elementor-540\" data-elementor-post-type=\"page\">\n\t\t\t\t\t\t\t<div class=\"elementor-element elementor-element-0e800e8 e-flex e-con-boxed e-con\" data-id=\"0e800e8\" data-element_type=\"container\" data-settings=\"{&quot;content_width&quot;:&quot;boxed&quot;}\">\n\t\t\t\t\t<div class=\"e-con-inner\">\n\t\t\t\t<div class=\"elementor-element elementor-element-ad74b7c elementor-widget elementor-widget-heading\" data-id=\"ad74b7c\" data-element_type=\"widget\" data-widget_type=\"heading.default\">\n\t\t\t\t<div class=\"elementor-widget-container\">\n\t\t\t<style>\/*! elementor - v3.14.0 - 26-06-2023 *\/\n.elementor-heading-title{padding:0;margin:0;line-height:1}.elementor-widget-heading .elementor-heading-title[class*=elementor-size-]>a{color:inherit;font-size:inherit;line-height:inherit}.elementor-widget-heading .elementor-heading-title.elementor-size-small{font-size:15px}.elementor-widget-heading .elementor-heading-title.elementor-size-medium{font-size:19px}.elementor-widget-heading .elementor-heading-title.elementor-size-large{font-size:29px}.elementor-widget-heading .elementor-heading-title.elementor-size-xl{font-size:39px}.elementor-widget-heading .elementor-heading-title.elementor-size-xxl{font-size:59px}<\/style><h1 class=\"elementor-heading-title elementor-size-default\">Our Films<\/h1>\t\t<\/div>\n\t\t\t\t<\/div>\n\t\t\t\t<div class=\"elementor-element elementor-element-3649212 elementor-widget elementor-widget-heading\" data-id=\"3649212\" data-element_type=\"widget\" data-widget_type=\"heading.default\">\n\t\t\t\t<div class=\"elementor-widget-container\">\n\t\t\t<h2 class=\"elementor-heading-title elementor-size-default\">Our newest films<\/h2>\t\t<\/div>\n\t\t\t\t<\/div>\n\t\t\t\t\t<\/div>\n\t\t\t\t<\/div>\n\t\t<div class=\"elementor-element elementor-element-6beef5c e-flex e-con-boxed e-con\" data-id=\"6beef5c\" data-element_type=\"container\" data-settings=\"{&quot;content_width&quot;:&quot;boxed&quot;}\">\n\t\t\t\t\t<div class=\"e-con-inner\">\n\t\t\t\t<div class=\"elementor-element elementor-element-a6e3adc elementor-grid-eael-col-3 elementor-grid-tablet-eael-col-2 elementor-grid-mobile-eael-col-1 elementor-widget elementor-widget-eael-post-grid\" data-id=\"a6e3adc\" data-element_type=\"widget\" data-settings=\"{&quot;eael_post_grid_columns&quot;:&quot;eael-col-3&quot;,&quot;eael_post_grid_columns_tablet&quot;:&quot;eael-col-2&quot;,&quot;eael_post_grid_columns_mobile&quot;:&quot;eael-col-1&quot;}\" data-widget_type=\"eael-post-grid.default\">\n\t\t\t\t<div class=\"elementor-widget-container\">\n\t\t\t<div id=\"eael-post-grid-a6e3adc\" class=\"eael-post-grid-container\">\n            <div class=\"eael-post-grid eael-post-appender eael-post-appender-a6e3adc eael-post-grid-style-default\" data-layout-mode=\"grid\"><article class=\"eael-grid-post eael-post-grid-column\" data-id=\"848\">\n        <div class=\"eael-grid-post-holder\">\n            <div class=\"eael-grid-post-holder-inner\"><div class=\"eael-entry-media\"><div class=\"eael-entry-overlay fade-in\"><i class=\"fas fa-long-arrow-alt-right\" aria-hidden=\"true\"><\/i><a href=\"https:\/\/mfilmswed.hu\/en\/videok_filmek\/encsi-es-isti-trailer\/\"><\/a><\/div><div class=\"eael-entry-thumbnail eael-image-ratio\">\n                <img loading=\"lazy\" decoding=\"async\" width=\"1024\" height=\"537\" src=\"https:\/\/mfilmswed.hu\/wp-content\/uploads\/2023\/04\/enci-es-isti-1024x537.jpg\" class=\"attachment-large size-large wp-image-850\" alt=\"\" srcset=\"https:\/\/mfilmswed.hu\/wp-content\/uploads\/2023\/04\/enci-es-isti-1024x537.jpg 1024w, https:\/\/mfilmswed.hu\/wp-content\/uploads\/2023\/04\/enci-es-isti-300x157.jpg 300w, https:\/\/mfilmswed.hu\/wp-content\/uploads\/2023\/04\/enci-es-isti-768x403.jpg 768w, https:\/\/mfilmswed.hu\/wp-content\/uploads\/2023\/04\/enci-es-isti-18x9.jpg 18w, https:\/\/mfilmswed.hu\/wp-content\/uploads\/2023\/04\/enci-es-isti.jpg 1198w\" sizes=\"auto, (max-width: 1024px) 100vw, 1024px\" \/>\n            <\/div>\n        <\/div><div class=\"eael-entry-wrapper\"><header class=\"eael-entry-header\"><h2 class=\"eael-entry-title\"><a\n                        class=\"eael-grid-post-link\"\n                        href=\"https:\/\/mfilmswed.hu\/en\/videok_filmek\/encsi-es-isti-trailer\/\"\n                        title=\"Encsi \u00e9s Isti &#8211; Trailer\">Encsi \u00e9s Isti &#8211; Trailer<\/a><\/h2><\/header><\/div><\/div>\n        <\/div>\n    <\/article><article class=\"eael-grid-post eael-post-grid-column\" data-id=\"845\">\n        <div class=\"eael-grid-post-holder\">\n            <div class=\"eael-grid-post-holder-inner\"><div class=\"eael-entry-media\"><div class=\"eael-entry-overlay fade-in\"><i class=\"fas fa-long-arrow-alt-right\" aria-hidden=\"true\"><\/i><a href=\"https:\/\/mfilmswed.hu\/en\/videok_filmek\/emese-es-tamas-trailer\/\"><\/a><\/div><div class=\"eael-entry-thumbnail eael-image-ratio\">\n                <img loading=\"lazy\" decoding=\"async\" width=\"1024\" height=\"470\" src=\"https:\/\/mfilmswed.hu\/wp-content\/uploads\/2023\/04\/emese-es-tamas-highlight-1024x470.jpg\" class=\"attachment-large size-large wp-image-847\" alt=\"\" srcset=\"https:\/\/mfilmswed.hu\/wp-content\/uploads\/2023\/04\/emese-es-tamas-highlight-1024x470.jpg 1024w, https:\/\/mfilmswed.hu\/wp-content\/uploads\/2023\/04\/emese-es-tamas-highlight-300x138.jpg 300w, https:\/\/mfilmswed.hu\/wp-content\/uploads\/2023\/04\/emese-es-tamas-highlight-768x352.jpg 768w, https:\/\/mfilmswed.hu\/wp-content\/uploads\/2023\/04\/emese-es-tamas-highlight-18x8.jpg 18w, https:\/\/mfilmswed.hu\/wp-content\/uploads\/2023\/04\/emese-es-tamas-highlight.jpg 1230w\" sizes=\"auto, (max-width: 1024px) 100vw, 1024px\" \/>\n            <\/div>\n        <\/div><div class=\"eael-entry-wrapper\"><header class=\"eael-entry-header\"><h2 class=\"eael-entry-title\"><a\n                        class=\"eael-grid-post-link\"\n                        href=\"https:\/\/mfilmswed.hu\/en\/videok_filmek\/emese-es-tamas-trailer\/\"\n                        title=\"Emese \u00e9s Tam\u00e1s &#8211; Trailer\">Emese \u00e9s Tam\u00e1s &#8211; Trailer<\/a><\/h2><\/header><\/div><\/div>\n        <\/div>\n    <\/article><article class=\"eael-grid-post eael-post-grid-column\" data-id=\"842\">\n        <div class=\"eael-grid-post-holder\">\n            <div class=\"eael-grid-post-holder-inner\"><div class=\"eael-entry-media\"><div class=\"eael-entry-overlay fade-in\"><i class=\"fas fa-long-arrow-alt-right\" aria-hidden=\"true\"><\/i><a href=\"https:\/\/mfilmswed.hu\/en\/videok_filmek\/eszti-es-gergo-trailer\/\"><\/a><\/div><div class=\"eael-entry-thumbnail eael-image-ratio\">\n                <img loading=\"lazy\" decoding=\"async\" width=\"1024\" height=\"569\" src=\"https:\/\/mfilmswed.hu\/wp-content\/uploads\/2023\/04\/eszti-geri-1024x569.jpg\" class=\"attachment-large size-large wp-image-844\" alt=\"\" srcset=\"https:\/\/mfilmswed.hu\/wp-content\/uploads\/2023\/04\/eszti-geri-1024x569.jpg 1024w, https:\/\/mfilmswed.hu\/wp-content\/uploads\/2023\/04\/eszti-geri-300x167.jpg 300w, https:\/\/mfilmswed.hu\/wp-content\/uploads\/2023\/04\/eszti-geri-768x427.jpg 768w, https:\/\/mfilmswed.hu\/wp-content\/uploads\/2023\/04\/eszti-geri-18x10.jpg 18w, https:\/\/mfilmswed.hu\/wp-content\/uploads\/2023\/04\/eszti-geri.jpg 1468w\" sizes=\"auto, (max-width: 1024px) 100vw, 1024px\" \/>\n            <\/div>\n        <\/div><div class=\"eael-entry-wrapper\"><header class=\"eael-entry-header\"><h2 class=\"eael-entry-title\"><a\n                        class=\"eael-grid-post-link\"\n                        href=\"https:\/\/mfilmswed.hu\/en\/videok_filmek\/eszti-es-gergo-trailer\/\"\n                        title=\"Eszti \u00e9s Gerg\u0151 &#8211; Trailer\">Eszti \u00e9s Gerg\u0151 &#8211; Trailer<\/a><\/h2><\/header><\/div><\/div>\n        <\/div>\n    <\/article><article class=\"eael-grid-post eael-post-grid-column\" data-id=\"840\">\n        <div class=\"eael-grid-post-holder\">\n            <div class=\"eael-grid-post-holder-inner\"><div class=\"eael-entry-media\"><div class=\"eael-entry-overlay fade-in\"><i class=\"fas fa-long-arrow-alt-right\" aria-hidden=\"true\"><\/i><a href=\"https:\/\/mfilmswed.hu\/en\/videok_filmek\/eszti-es-david-trailer\/\"><\/a><\/div><div class=\"eael-entry-thumbnail eael-image-ratio\">\n                <img loading=\"lazy\" decoding=\"async\" width=\"1024\" height=\"512\" src=\"https:\/\/mfilmswed.hu\/wp-content\/uploads\/2023\/04\/eszter-es-david-1024x512.jpg\" class=\"attachment-large size-large wp-image-790\" alt=\"\" srcset=\"https:\/\/mfilmswed.hu\/wp-content\/uploads\/2023\/04\/eszter-es-david-1024x512.jpg 1024w, https:\/\/mfilmswed.hu\/wp-content\/uploads\/2023\/04\/eszter-es-david-300x150.jpg 300w, https:\/\/mfilmswed.hu\/wp-content\/uploads\/2023\/04\/eszter-es-david-768x384.jpg 768w, https:\/\/mfilmswed.hu\/wp-content\/uploads\/2023\/04\/eszter-es-david-18x9.jpg 18w, https:\/\/mfilmswed.hu\/wp-content\/uploads\/2023\/04\/eszter-es-david.jpg 1200w\" sizes=\"auto, (max-width: 1024px) 100vw, 1024px\" \/>\n            <\/div>\n        <\/div><div class=\"eael-entry-wrapper\"><header class=\"eael-entry-header\"><h2 class=\"eael-entry-title\"><a\n                        class=\"eael-grid-post-link\"\n                        href=\"https:\/\/mfilmswed.hu\/en\/videok_filmek\/eszti-es-david-trailer\/\"\n                        title=\"Eszti \u00e9s D\u00e1vid &#8211; Trailer\">Eszti \u00e9s D\u00e1vid &#8211; Trailer<\/a><\/h2><\/header><\/div><\/div>\n        <\/div>\n    <\/article><article class=\"eael-grid-post eael-post-grid-column\" data-id=\"838\">\n        <div class=\"eael-grid-post-holder\">\n            <div class=\"eael-grid-post-holder-inner\"><div class=\"eael-entry-media\"><div class=\"eael-entry-overlay fade-in\"><i class=\"fas fa-long-arrow-alt-right\" aria-hidden=\"true\"><\/i><a href=\"https:\/\/mfilmswed.hu\/en\/videok_filmek\/anita-es-misi-trailer\/\"><\/a><\/div><div class=\"eael-entry-thumbnail eael-image-ratio\">\n                <img loading=\"lazy\" decoding=\"async\" width=\"936\" height=\"538\" src=\"https:\/\/mfilmswed.hu\/wp-content\/uploads\/2023\/04\/anita-misi.jpg\" class=\"attachment-large size-large wp-image-804\" alt=\"\" srcset=\"https:\/\/mfilmswed.hu\/wp-content\/uploads\/2023\/04\/anita-misi.jpg 936w, https:\/\/mfilmswed.hu\/wp-content\/uploads\/2023\/04\/anita-misi-300x172.jpg 300w, https:\/\/mfilmswed.hu\/wp-content\/uploads\/2023\/04\/anita-misi-768x441.jpg 768w, https:\/\/mfilmswed.hu\/wp-content\/uploads\/2023\/04\/anita-misi-18x10.jpg 18w\" sizes=\"auto, (max-width: 936px) 100vw, 936px\" \/>\n            <\/div>\n        <\/div><div class=\"eael-entry-wrapper\"><header class=\"eael-entry-header\"><h2 class=\"eael-entry-title\"><a\n                        class=\"eael-grid-post-link\"\n                        href=\"https:\/\/mfilmswed.hu\/en\/videok_filmek\/anita-es-misi-trailer\/\"\n                        title=\"Anita \u00e9s Misi &#8211; Trailer\">Anita \u00e9s Misi &#8211; Trailer<\/a><\/h2><\/header><\/div><\/div>\n        <\/div>\n    <\/article><article class=\"eael-grid-post eael-post-grid-column\" data-id=\"836\">\n        <div class=\"eael-grid-post-holder\">\n            <div class=\"eael-grid-post-holder-inner\"><div class=\"eael-entry-media\"><div class=\"eael-entry-overlay fade-in\"><i class=\"fas fa-long-arrow-alt-right\" aria-hidden=\"true\"><\/i><a href=\"https:\/\/mfilmswed.hu\/en\/videok_filmek\/stefi-es-paya-trailer\/\"><\/a><\/div><div class=\"eael-entry-thumbnail eael-image-ratio\">\n                <img loading=\"lazy\" decoding=\"async\" width=\"864\" height=\"538\" src=\"https:\/\/mfilmswed.hu\/wp-content\/uploads\/2023\/04\/stefi-paya.jpg\" class=\"attachment-large size-large wp-image-813\" alt=\"\" srcset=\"https:\/\/mfilmswed.hu\/wp-content\/uploads\/2023\/04\/stefi-paya.jpg 864w, https:\/\/mfilmswed.hu\/wp-content\/uploads\/2023\/04\/stefi-paya-300x187.jpg 300w, https:\/\/mfilmswed.hu\/wp-content\/uploads\/2023\/04\/stefi-paya-768x478.jpg 768w, https:\/\/mfilmswed.hu\/wp-content\/uploads\/2023\/04\/stefi-paya-18x12.jpg 18w\" sizes=\"auto, (max-width: 864px) 100vw, 864px\" \/>\n            <\/div>\n        <\/div><div class=\"eael-entry-wrapper\"><header class=\"eael-entry-header\"><h2 class=\"eael-entry-title\"><a\n                        class=\"eael-grid-post-link\"\n                        href=\"https:\/\/mfilmswed.hu\/en\/videok_filmek\/stefi-es-paya-trailer\/\"\n                        title=\"Stefi \u00e9s Paya &#8211; Trailer\">Stefi \u00e9s Paya &#8211; Trailer<\/a><\/h2><\/header><\/div><\/div>\n        <\/div>\n    <\/article><\/div>\n            <div class=\"clearfix\"><\/div>\n        <\/div>            <div class=\"eael-load-more-button-wrap\">\n                <button class=\"eael-load-more-button\" id=\"eael-load-more-btn-a6e3adc\" data-widget-id=\"a6e3adc\" data-widget=\"a6e3adc\" data-page-id=\"540\" data-template=\"{&quot;dir&quot;:&quot;lite&quot;,&quot;file_name&quot;:&quot;default.php&quot;,&quot;name&quot;:&quot;Post-Grid&quot;}\" data-class=\"Essential_Addons_Elementor\\Elements\\Post_Grid\" data-layout=\"grid\" data-page=\"1\" data-args=\"orderby=date&amp;order=desc&amp;ignore_sticky_posts=1&amp;post_status=publish&amp;posts_per_page=6&amp;offset=0&amp;post_type=videok_filmek\" data-max-page=\"5\">\n                    <div class=\"eael-btn-loader button__loader\"><\/div>\n                    <span>Load more<\/span>\n                <\/button>\n            <\/div>\n        \t\t<\/div>\n\t\t\t\t<\/div>\n\t\t\t\t\t<\/div>\n\t\t\t\t<\/div>\n\t\t\t\t\t\t\t<\/div>","protected":false},"excerpt":{"rendered":"<p>Filmjeink Leg\u00fajabb filmjeink Encsi \u00e9s Isti &#8211; Trailer Emese \u00e9s Tam\u00e1s &#8211; Trailer Eszti \u00e9s Gerg\u0151 &#8211; Trailer Eszti \u00e9s D\u00e1vid &#8211; Trailer Anita \u00e9s Misi &#8211; Trailer Stefi \u00e9s Paya &#8211; Trailer Tov\u00e1bbiak bet\u00f6lt\u00e9se<\/p>","protected":false},"author":1,"featured_media":0,"parent":0,"menu_order":0,"comment_status":"closed","ping_status":"closed","template":"elementor_header_footer","meta":{"footnotes":""},"class_list":["post-540","page","type-page","status-publish","hentry"],"_links":{"self":[{"href":"https:\/\/mfilmswed.hu\/en\/wp-json\/wp\/v2\/pages\/540","targetHints":{"allow":["GET"]}}],"collection":[{"href":"https:\/\/mfilmswed.hu\/en\/wp-json\/wp\/v2\/pages"}],"about":[{"href":"https:\/\/mfilmswed.hu\/en\/wp-json\/wp\/v2\/types\/page"}],"author":[{"embeddable":true,"href":"https:\/\/mfilmswed.hu\/en\/wp-json\/wp\/v2\/users\/1"}],"replies":[{"embeddable":true,"href":"https:\/\/mfilmswed.hu\/en\/wp-json\/wp\/v2\/comments?post=540"}],"version-history":[{"count":5,"href":"https:\/\/mfilmswed.hu\/en\/wp-json\/wp\/v2\/pages\/540\/revisions"}],"predecessor-version":[{"id":1037,"href":"https:\/\/mfilmswed.hu\/en\/wp-json\/wp\/v2\/pages\/540\/revisions\/1037"}],"wp:attachment":[{"href":"https:\/\/mfilmswed.hu\/en\/wp-json\/wp\/v2\/media?parent=540"}],"curies":[{"name":"wp","href":"https:\/\/api.w.org\/{rel}","templated":true}]}}